{"id":57,"date":"2025-01-03T20:17:58","date_gmt":"2025-01-03T20:17:58","guid":{"rendered":"https:\/\/interconfimo.com\/?page_id=57"},"modified":"2026-02-22T00:16:14","modified_gmt":"2026-02-22T00:16:14","slug":"biens-a-acheter","status":"publish","type":"page","link":"https:\/\/interconfimo.com\/en\/biens-a-acheter\/","title":{"rendered":"Properties to buy"},"content":{"rendered":"<div class=\"et_pb_section_0 et_pb_section et_section_regular et_block_section\">\r\n\r\n<div class=\"et_pb_row_0 et_pb_row et_pb_gutters3 et_block_row preset--module--divi-row--bcda9a0e-32d9-4667-8397-617f61bb00c3\">\r\n\r\n<div class=\"et_pb_column_0 et_pb_column et_pb_column_4_4 et-last-child et_block_column et_pb_css_mix_blend_mode_passthrough\">\r\n\r\n<div class=\"et_pb_heading_0 et_pb_heading et_pb_module et_block_module preset--module--divi-heading--e3b02ae1-c8ec-4de4-afbb-40900d90e2a9\"><div class=\"et_pb_heading_container\"><h1 class=\"et_pb_module_header\">Announcements in progress<\/h1><\/div><\/div><\/div><\/div>\r\n\r\n<div class=\"et_pb_row_1 et_pb_row et_pb_gutters2 et_block_row preset--module--divi-row--bcda9a0e-32d9-4667-8397-617f61bb00c3\">\r\n\r\n<div class=\"et_pb_column_1 et_pb_column et_pb_column_1_3 et_block_column et_pb_css_mix_blend_mode_passthrough\">\r\n\r\n<div class=\"et_pb_image_0 et_pb_image et_pb_module et_block_module\"><span class=\"et_pb_image_wrap\"><img loading=\"lazy\" decoding=\"async\" src=\"https:\/\/interconfimo.com\/wp-content\/uploads\/2025\/12\/Fiche-Produit-Vend-317-hectares-de-foret-DECLASSEE-2.jpg\" alt=\"Fiche Produit Vend 317 hectares de f\u00f4ret D\u00c9CLASS\u00c9E\" title=\"Product Description Sells 317 hectares of forest DECLASSIFIED 2\" width=\"940\" height=\"788\" srcset=\"https:\/\/interconfimo.com\/wp-content\/uploads\/2025\/12\/Fiche-Produit-Vend-317-hectares-de-foret-DECLASSEE-2.jpg 940w, https:\/\/interconfimo.com\/wp-content\/uploads\/2025\/12\/Fiche-Produit-Vend-317-hectares-de-foret-DECLASSEE-2-480x402.jpg 480w\" sizes=\"(min-width: 0px) and (max-width: 480px) 480px, (min-width: 481px) 940px, 100vw\" class=\"wp-image-1193\" \/><\/span><\/div>\r\n\r\n<div class=\"et_pb_heading_1 et_pb_heading et_pb_module et_block_module preset--module--divi-heading--2ed17f4c-117d-4dd6-8198-fa1eff8d1c24\"><div class=\"et_pb_heading_container\"><h5 class=\"et_pb_module_header\">Price Consult us <\/h5><\/div><\/div>\r\n\r\n<div class=\"et_pb_heading_2 et_pb_heading et_pb_module et_block_module preset--module--divi-heading--64c01208-2377-4eb3-8514-c58aa35b63d1\"><div class=\"et_pb_heading_container\"><h6 class=\"et_pb_module_header\">317 Hectares<\/h6><\/div><\/div>\r\n\r\n<div class=\"et_pb_text_0 et_pb_text et_pb_bg_layout_light et_pb_module et_block_module preset--module--divi-text--bf2481fd-250d-44ce-82ca-173a4c14de34\"><div class=\"et_pb_text_inner\"><p>LAND<\/p>\n<p>Attiguehi, Sub-Prefecture of Agboville<\/p>\n<\/div><\/div>\r\n\r\n<div class=\"et_pb_module et_pb_button_module_wrapper et_pb_button_0_wrapper preset--module--divi-button--2c30ea27-a4b8-433c-9de8-92c7ecd9d8c7_wrapper\"><a class=\"et_pb_button_0 et_pb_button et_pb_bg_layout_light et_pb_module et_block_module preset--module--divi-button--2c30ea27-a4b8-433c-9de8-92c7ecd9d8c7\" href=\"https:\/\/wa.me\/2250574176868\">Contact Agent<\/a><\/div><\/div>\r\n\r\n<div class=\"et_pb_column_2 et_pb_column et_pb_column_1_3 et_block_column et_pb_css_mix_blend_mode_passthrough\">\r\n\r\n<div class=\"et_pb_image_1 et_pb_image et_pb_module et_block_module\"><span class=\"et_pb_image_wrap\"><img loading=\"lazy\" decoding=\"async\" src=\"https:\/\/interconfimo.com\/wp-content\/uploads\/2026\/02\/WhatsApp-Image-2026-02-09-at-16.39.43.jpeg\" alt=\"WhatsApp Image 2026 02 09 at 16.39.43\" title=\"WhatsApp Image 2026-02-09 at 16.39.43\" width=\"1600\" height=\"721\" srcset=\"https:\/\/interconfimo.com\/wp-content\/uploads\/2026\/02\/WhatsApp-Image-2026-02-09-at-16.39.43.jpeg 1600w, https:\/\/interconfimo.com\/wp-content\/uploads\/2026\/02\/WhatsApp-Image-2026-02-09-at-16.39.43-1280x577.jpeg 1280w, https:\/\/interconfimo.com\/wp-content\/uploads\/2026\/02\/WhatsApp-Image-2026-02-09-at-16.39.43-980x442.jpeg 980w, https:\/\/interconfimo.com\/wp-content\/uploads\/2026\/02\/WhatsApp-Image-2026-02-09-at-16.39.43-480x216.jpeg 480w\" sizes=\"(min-width: 0px) and (max-width: 480px) 480px, (min-width: 481px) and (max-width: 980px) 980px, (min-width: 981px) and (max-width: 1280px) 1280px, (min-width: 1281px) 1600px, 100vw\" class=\"wp-image-1297\" \/><\/span><\/div>\r\n\r\n<div class=\"et_pb_heading_3 et_pb_heading et_pb_module et_block_module preset--module--divi-heading--2ed17f4c-117d-4dd6-8198-fa1eff8d1c24\"><div class=\"et_pb_heading_container\"><h5 class=\"et_pb_module_header\">40,000,000 FCFA<\/h5><\/div><\/div>\r\n\r\n<div class=\"et_pb_heading_4 et_pb_heading et_pb_module et_block_module preset--module--divi-heading--64c01208-2377-4eb3-8514-c58aa35b63d1\"><div class=\"et_pb_heading_container\"><h6 class=\"et_pb_module_header\">3 rooms, 2 independent bedrooms, 1 living room, 622 m2<\/h6><\/div><\/div>\r\n\r\n<div class=\"et_pb_text_1 et_pb_text et_pb_bg_layout_light et_pb_module et_block_module preset--module--divi-text--bf2481fd-250d-44ce-82ca-173a4c14de34\"><div class=\"et_pb_text_inner\"><p>ecological villa<\/p>\n<p>Geoconcrete and drilling\u00a0<\/p>\n<p>Quartier R\u00e9sidentiel Millionaire<\/p>\n<p>Jacqueville<\/p>\n<\/div><\/div>\r\n\r\n<div class=\"et_pb_module et_pb_button_module_wrapper et_pb_button_1_wrapper preset--module--divi-button--2c30ea27-a4b8-433c-9de8-92c7ecd9d8c7_wrapper\"><a class=\"et_pb_button_1 et_pb_button et_pb_bg_layout_light et_pb_module et_block_module preset--module--divi-button--2c30ea27-a4b8-433c-9de8-92c7ecd9d8c7\" href=\"https:\/\/wa.me\/2250574176868\">Contact Agent<\/a><\/div><\/div>\r\n\r\n<div class=\"et_pb_column_3 et_pb_column et_pb_column_1_3 et-last-child et_block_column et_pb_css_mix_blend_mode_passthrough\">\r\n\r\n<div class=\"et_pb_image_2 et_pb_image et_pb_module et_block_module\"><a href=\"#\"><span class=\"et_pb_image_wrap\"><img loading=\"lazy\" decoding=\"async\" src=\"https:\/\/interconfimo.com\/wp-content\/uploads\/2025\/03\/IMG-20250227-WA0137.jpg\" width=\"1080\" height=\"608\" srcset=\"https:\/\/interconfimo.com\/wp-content\/uploads\/2025\/03\/IMG-20250227-WA0137.jpg 1080w, https:\/\/interconfimo.com\/wp-content\/uploads\/2025\/03\/IMG-20250227-WA0137-980x552.jpg 980w, https:\/\/interconfimo.com\/wp-content\/uploads\/2025\/03\/IMG-20250227-WA0137-480x270.jpg 480w\" sizes=\"(min-width: 0px) and (max-width: 480px) 480px, (min-width: 481px) and (max-width: 980px) 980px, (min-width: 981px) 1080px, 100vw\" class=\"wp-image-745\" title=\"IMG-20250227-WA0137\" alt=\"Img 20250227 wa0137\" \/><\/span><\/a><\/div>\r\n\r\n<div class=\"et_pb_heading_5 et_pb_heading et_pb_module et_block_module preset--module--divi-heading--2ed17f4c-117d-4dd6-8198-fa1eff8d1c24\"><div class=\"et_pb_heading_container\"><h5 class=\"et_pb_module_header\">330 000 000 FCFA<\/h5><\/div><\/div>\r\n\r\n<div class=\"et_pb_heading_6 et_pb_heading et_pb_module et_block_module preset--module--divi-heading--64c01208-2377-4eb3-8514-c58aa35b63d1\"><div class=\"et_pb_heading_container\"><h6 class=\"et_pb_module_header\">4 rooms, 3 bedrooms, Living room, swimming pool, 450 m2 <\/h6><\/div><\/div>\r\n\r\n<div class=\"et_pb_text_2 et_pb_text et_pb_bg_layout_light et_pb_module et_block_module preset--module--divi-text--bf2481fd-250d-44ce-82ca-173a4c14de34\"><div class=\"et_pb_text_inner\"><p>VILLA<\/p>\n<p>Attoban-Bonoumin, Abidjan<\/p>\n<\/div><\/div>\r\n\r\n<div class=\"et_pb_module et_pb_button_module_wrapper et_pb_button_2_wrapper preset--module--divi-button--2c30ea27-a4b8-433c-9de8-92c7ecd9d8c7_wrapper\"><a class=\"et_pb_button_2 et_pb_button et_pb_bg_layout_light et_pb_module et_block_module preset--module--divi-button--2c30ea27-a4b8-433c-9de8-92c7ecd9d8c7\" href=\"https:\/\/wa.me\/2250574176868\">Contact Agent<\/a><\/div><\/div><\/div>\r\n\r\n<div class=\"et_pb_row_2 et_pb_row et_pb_gutters2 et_block_row preset--module--divi-row--bcda9a0e-32d9-4667-8397-617f61bb00c3\">\r\n\r\n<div class=\"et_pb_column_4 et_pb_column et_pb_column_1_3 et_block_column et_pb_css_mix_blend_mode_passthrough\">\r\n\r\n<div class=\"et_pb_image_3 et_pb_image et_pb_module et_block_module\"><span class=\"et_pb_image_wrap\"><img loading=\"lazy\" decoding=\"async\" src=\"https:\/\/interconfimo.com\/wp-content\/uploads\/2025\/03\/accueil01-1.jpg\" width=\"1080\" height=\"809\" srcset=\"https:\/\/interconfimo.com\/wp-content\/uploads\/2025\/03\/accueil01-1.jpg 1080w, https:\/\/interconfimo.com\/wp-content\/uploads\/2025\/03\/accueil01-1-980x734.jpg 980w, https:\/\/interconfimo.com\/wp-content\/uploads\/2025\/03\/accueil01-1-480x360.jpg 480w\" sizes=\"(min-width: 0px) and (max-width: 480px) 480px, (min-width: 481px) and (max-width: 980px) 980px, (min-width: 981px) 1080px, 100vw\" class=\"wp-image-643\" title=\"home01\" alt=\"Accueil01\" \/><\/span><\/div>\r\n\r\n<div class=\"et_pb_heading_7 et_pb_heading et_pb_module et_block_module preset--module--divi-heading--2ed17f4c-117d-4dd6-8198-fa1eff8d1c24\"><div class=\"et_pb_heading_container\"><h5 class=\"et_pb_module_header\">250 000 000 FCFA <\/h5><\/div><\/div>\r\n\r\n<div class=\"et_pb_heading_8 et_pb_heading et_pb_module et_block_module preset--module--divi-heading--64c01208-2377-4eb3-8514-c58aa35b63d1\"><div class=\"et_pb_heading_container\"><h6 class=\"et_pb_module_header\">6 rooms, 4 bedrooms, 315m2 <\/h6><\/div><\/div>\r\n\r\n<div class=\"et_pb_text_3 et_pb_text et_pb_bg_layout_light et_pb_module et_block_module preset--module--divi-text--bf2481fd-250d-44ce-82ca-173a4c14de34\"><div class=\"et_pb_text_inner\"><p>VILLA<\/p>\n<p>Bessikoi, Abidjan<\/p>\n<\/div><\/div>\r\n\r\n<div class=\"et_pb_module et_pb_button_module_wrapper et_pb_button_3_wrapper preset--module--divi-button--2c30ea27-a4b8-433c-9de8-92c7ecd9d8c7_wrapper\"><a class=\"et_pb_button_3 et_pb_button et_pb_bg_layout_light et_pb_module et_block_module preset--module--divi-button--2c30ea27-a4b8-433c-9de8-92c7ecd9d8c7\" href=\"https:\/\/wa.me\/2250574176868\">Contact Agent<\/a><\/div><\/div>\r\n\r\n<div class=\"et_pb_column_5 et_pb_column et_pb_column_1_3 et_block_column et_pb_css_mix_blend_mode_passthrough\">\r\n\r\n<div class=\"et_pb_image_4 et_pb_image et_pb_module et_block_module\"><span class=\"et_pb_image_wrap\"><img loading=\"lazy\" decoding=\"async\" src=\"https:\/\/interconfimo.com\/wp-content\/uploads\/2025\/08\/WhatsApp-Image-2022-07-25-at-14.35.36.jpeg\" width=\"2048\" height=\"923\" srcset=\"https:\/\/interconfimo.com\/wp-content\/uploads\/2025\/08\/WhatsApp-Image-2022-07-25-at-14.35.36.jpeg 2048w, https:\/\/interconfimo.com\/wp-content\/uploads\/2025\/08\/WhatsApp-Image-2022-07-25-at-14.35.36-1280x577.jpeg 1280w, https:\/\/interconfimo.com\/wp-content\/uploads\/2025\/08\/WhatsApp-Image-2022-07-25-at-14.35.36-980x442.jpeg 980w, https:\/\/interconfimo.com\/wp-content\/uploads\/2025\/08\/WhatsApp-Image-2022-07-25-at-14.35.36-480x216.jpeg 480w\" sizes=\"(min-width: 0px) and (max-width: 480px) 480px, (min-width: 481px) and (max-width: 980px) 980px, (min-width: 981px) and (max-width: 1280px) 1280px, (min-width: 1281px) 2048px, 100vw\" class=\"wp-image-1068\" title=\"WhatsApp Image 2022-07-25 at 14.35.36\" alt=\"Whatsapp image 2022 07 25 at 14.35.36\" \/><\/span><\/div>\r\n\r\n<div class=\"et_pb_heading_9 et_pb_heading et_pb_module et_block_module preset--module--divi-heading--2ed17f4c-117d-4dd6-8198-fa1eff8d1c24\"><div class=\"et_pb_heading_container\"><h5 class=\"et_pb_module_header\">1 500 000 000 FCFA<\/h5><\/div><\/div>\r\n\r\n<div class=\"et_pb_heading_10 et_pb_heading et_pb_module et_block_module preset--module--divi-heading--64c01208-2377-4eb3-8514-c58aa35b63d1\"><div class=\"et_pb_heading_container\"><h6 class=\"et_pb_module_header\">20 rooms, 10 bedrooms, 2 living rooms, 2 kitchens, 2700 m2 <\/h6><\/div><\/div>\r\n\r\n<div class=\"et_pb_text_4 et_pb_text et_pb_bg_layout_light et_pb_module et_block_module preset--module--divi-text--bf2481fd-250d-44ce-82ca-173a4c14de34\"><div class=\"et_pb_text_inner\"><p>VILLA<\/p>\n<p>Riviera Golf, HKB Bridge<\/p>\n<p>Abidjan<\/p>\n<\/div><\/div>\r\n\r\n<div class=\"et_pb_module et_pb_button_module_wrapper et_pb_button_4_wrapper preset--module--divi-button--2c30ea27-a4b8-433c-9de8-92c7ecd9d8c7_wrapper\"><a class=\"et_pb_button_4 et_pb_button et_pb_bg_layout_light et_pb_module et_block_module preset--module--divi-button--2c30ea27-a4b8-433c-9de8-92c7ecd9d8c7\" href=\"https:\/\/wa.me\/2250574176868\">Contact Agent<\/a><\/div><\/div>\r\n\r\n<div class=\"et_pb_column_6 et_pb_column et_pb_column_1_3 et-last-child et_block_column et_pb_css_mix_blend_mode_passthrough\">\r\n\r\n<div class=\"et_pb_image_5 et_pb_image et_pb_module et_block_module\"><span class=\"et_pb_image_wrap\"><img loading=\"lazy\" decoding=\"async\" src=\"https:\/\/interconfimo.com\/wp-content\/uploads\/2025\/12\/IMG-20251121-WA0205.jpg\" alt=\"IMG 20251121 WA0205\" title=\"IMG-20251121-WA0205\" width=\"1600\" height=\"721\" srcset=\"https:\/\/interconfimo.com\/wp-content\/uploads\/2025\/12\/IMG-20251121-WA0205.jpg 1600w, https:\/\/interconfimo.com\/wp-content\/uploads\/2025\/12\/IMG-20251121-WA0205-1280x577.jpg 1280w, https:\/\/interconfimo.com\/wp-content\/uploads\/2025\/12\/IMG-20251121-WA0205-980x442.jpg 980w, https:\/\/interconfimo.com\/wp-content\/uploads\/2025\/12\/IMG-20251121-WA0205-480x216.jpg 480w\" sizes=\"(min-width: 0px) and (max-width: 480px) 480px, (min-width: 481px) and (max-width: 980px) 980px, (min-width: 981px) and (max-width: 1280px) 1280px, (min-width: 1281px) 1600px, 100vw\" class=\"wp-image-1208\" \/><\/span><\/div>\r\n\r\n<div class=\"et_pb_heading_11 et_pb_heading et_pb_module et_block_module preset--module--divi-heading--2ed17f4c-117d-4dd6-8198-fa1eff8d1c24\"><div class=\"et_pb_heading_container\"><h5 class=\"et_pb_module_header\">490,000,000 FCFA <\/h5><\/div><\/div>\r\n\r\n<div class=\"et_pb_heading_12 et_pb_heading et_pb_module et_block_module preset--module--divi-heading--64c01208-2377-4eb3-8514-c58aa35b63d1\"><div class=\"et_pb_heading_container\"><h6 class=\"et_pb_module_header\">Surface area 875m2<\/h6><\/div><\/div>\r\n\r\n<div class=\"et_pb_text_5 et_pb_text et_pb_bg_layout_light et_pb_module et_block_module preset--module--divi-text--bf2481fd-250d-44ce-82ca-173a4c14de34\"><div class=\"et_pb_text_inner\"><p>Residential or Office<\/p>\n<p>5-room villa, 4 independent bedrooms, outbuildings, large garden. Strategic location SOCOCE 2 Plateaux<\/p>\n<p>Deux Plateaux, Abidjan<\/p>\n<\/div><\/div>\r\n\r\n<div class=\"et_pb_module et_pb_button_module_wrapper et_pb_button_5_wrapper preset--module--divi-button--2c30ea27-a4b8-433c-9de8-92c7ecd9d8c7_wrapper\"><a class=\"et_pb_button_5 et_pb_button et_pb_bg_layout_light et_pb_module et_block_module preset--module--divi-button--2c30ea27-a4b8-433c-9de8-92c7ecd9d8c7\" href=\"https:\/\/wa.me\/2250574176868\">Contact Agent<\/a><\/div><\/div><\/div>\r\n\r\n<div class=\"et_pb_row_3 et_pb_row et_pb_gutters2 et_block_row preset--module--divi-row--bcda9a0e-32d9-4667-8397-617f61bb00c3\">\r\n\r\n<div class=\"et_pb_column_7 et_pb_column et_pb_column_1_3 et_block_column et_pb_css_mix_blend_mode_passthrough\">\r\n\r\n<div class=\"et_pb_image_6 et_pb_image et_pb_module et_block_module\"><span class=\"et_pb_image_wrap\"><img loading=\"lazy\" decoding=\"async\" src=\"https:\/\/interconfimo.com\/wp-content\/uploads\/2025\/08\/Fiche-Produit-Vente-Terrain-Yamoussokro.jpg\" width=\"1024\" height=\"1280\" srcset=\"https:\/\/interconfimo.com\/wp-content\/uploads\/2025\/08\/Fiche-Produit-Vente-Terrain-Yamoussokro.jpg 1024w, https:\/\/interconfimo.com\/wp-content\/uploads\/2025\/08\/Fiche-Produit-Vente-Terrain-Yamoussokro-980x1225.jpg 980w, https:\/\/interconfimo.com\/wp-content\/uploads\/2025\/08\/Fiche-Produit-Vente-Terrain-Yamoussokro-480x600.jpg 480w\" sizes=\"(min-width: 0px) and (max-width: 480px) 480px, (min-width: 481px) and (max-width: 980px) 980px, (min-width: 981px) 1024px, 100vw\" class=\"wp-image-1093\" title=\"Product Sheet Land for sale Yamoussokro\" alt=\"Fiche produit vente terrain yamoussokro\" \/><\/span><\/div>\r\n\r\n<div class=\"et_pb_heading_13 et_pb_heading et_pb_module et_block_module preset--module--divi-heading--2ed17f4c-117d-4dd6-8198-fa1eff8d1c24\"><div class=\"et_pb_heading_container\"><h5 class=\"et_pb_module_header\">Price on request<\/h5><\/div><\/div>\r\n\r\n<div class=\"et_pb_heading_14 et_pb_heading et_pb_module et_block_module preset--module--divi-heading--64c01208-2377-4eb3-8514-c58aa35b63d1\"><div class=\"et_pb_heading_container\"><h6 class=\"et_pb_module_header\">5250 m2 with ACD <\/h6><\/div><\/div>\r\n\r\n<div class=\"et_pb_text_6 et_pb_text et_pb_bg_layout_light et_pb_module et_block_module preset--module--divi-text--bf2481fd-250d-44ce-82ca-173a4c14de34\"><div class=\"et_pb_text_inner\"><p>LAND<\/p>\n<p>Yamoussoukro, Residential<\/p>\n<\/div><\/div>\r\n\r\n<div class=\"et_pb_module et_pb_button_module_wrapper et_pb_button_6_wrapper preset--module--divi-button--2c30ea27-a4b8-433c-9de8-92c7ecd9d8c7_wrapper\"><a class=\"et_pb_button_6 et_pb_button et_pb_bg_layout_light et_pb_module et_block_module preset--module--divi-button--2c30ea27-a4b8-433c-9de8-92c7ecd9d8c7\" href=\"https:\/\/wa.me\/2250574176868\">Contact Agent<\/a><\/div><\/div>\r\n\r\n<div class=\"et_pb_column_8 et_pb_column et_pb_column_1_3 et_block_column et_pb_css_mix_blend_mode_passthrough\">\r\n\r\n<div class=\"et_pb_image_7 et_pb_image et_pb_module et_block_module\"><span class=\"et_pb_image_wrap\"><img loading=\"lazy\" decoding=\"async\" src=\"https:\/\/interconfimo.com\/wp-content\/uploads\/2025\/08\/Photo-Vallon-Club-House.jpg\" width=\"720\" height=\"1204\" srcset=\"https:\/\/interconfimo.com\/wp-content\/uploads\/2025\/08\/Photo-Vallon-Club-House.jpg 720w, https:\/\/interconfimo.com\/wp-content\/uploads\/2025\/08\/Photo-Vallon-Club-House-480x803.jpg 480w\" sizes=\"(min-width: 0px) and (max-width: 480px) 480px, (min-width: 481px) 720px, 100vw\" class=\"wp-image-1114\" title=\"Photo Vallon Club House\" alt=\"Photo vallon club house\" \/><\/span><\/div>\r\n\r\n<div class=\"et_pb_heading_15 et_pb_heading et_pb_module et_block_module preset--module--divi-heading--2ed17f4c-117d-4dd6-8198-fa1eff8d1c24\"><div class=\"et_pb_heading_container\"><h5 class=\"et_pb_module_header\">1 300 000 000 FCFA <\/h5><\/div><\/div>\r\n\r\n<div class=\"et_pb_heading_16 et_pb_heading et_pb_module et_block_module preset--module--divi-heading--64c01208-2377-4eb3-8514-c58aa35b63d1\"><div class=\"et_pb_heading_container\"><h6 class=\"et_pb_module_header\">10 rooms, swimming pool, 1000 m2 <\/h6><\/div><\/div>\r\n\r\n<div class=\"et_pb_text_7 et_pb_text et_pb_bg_layout_light et_pb_module et_block_module preset--module--divi-text--bf2481fd-250d-44ce-82ca-173a4c14de34\"><div class=\"et_pb_text_inner\"><p>VILLA<\/p>\n<p>Deux Plateaux Vallons, Cocody<\/p>\n<p>Abidjan<\/p>\n<\/div><\/div>\r\n\r\n<div class=\"et_pb_module et_pb_button_module_wrapper et_pb_button_7_wrapper preset--module--divi-button--2c30ea27-a4b8-433c-9de8-92c7ecd9d8c7_wrapper\"><a class=\"et_pb_button_7 et_pb_button et_pb_bg_layout_light et_pb_module et_block_module preset--module--divi-button--2c30ea27-a4b8-433c-9de8-92c7ecd9d8c7\" href=\"https:\/\/wa.me\/2250574176868\">Contact Agent<\/a><\/div><\/div>\r\n\r\n<div class=\"et_pb_column_9 et_pb_column et_pb_column_1_3 et-last-child et_block_column et_pb_css_mix_blend_mode_passthrough\">\r\n\r\n<div class=\"et_pb_image_8 et_pb_image et_pb_module et_block_module\"><span class=\"et_pb_image_wrap\"><img loading=\"lazy\" decoding=\"async\" src=\"https:\/\/interconfimo.com\/wp-content\/uploads\/2025\/12\/Capture-decran_20-11-2025_81040_.jpg\" alt=\"Capture d\u2019\u00e9cran 20 11 2025 81040\" title=\"Capture d\u2019\u00e9cran_20-11-2025_81040_\" width=\"852\" height=\"636\" srcset=\"https:\/\/interconfimo.com\/wp-content\/uploads\/2025\/12\/Capture-decran_20-11-2025_81040_.jpg 852w, https:\/\/interconfimo.com\/wp-content\/uploads\/2025\/12\/Capture-decran_20-11-2025_81040_-480x358.jpg 480w\" sizes=\"(min-width: 0px) and (max-width: 480px) 480px, (min-width: 481px) 852px, 100vw\" class=\"wp-image-1206\" \/><\/span><\/div>\r\n\r\n<div class=\"et_pb_heading_17 et_pb_heading et_pb_module et_block_module preset--module--divi-heading--2ed17f4c-117d-4dd6-8198-fa1eff8d1c24\"><div class=\"et_pb_heading_container\"><h5 class=\"et_pb_module_header\">1 450 000 000 FCFA <\/h5><\/div><\/div>\r\n\r\n<div class=\"et_pb_heading_18 et_pb_heading et_pb_module et_block_module preset--module--divi-heading--64c01208-2377-4eb3-8514-c58aa35b63d1\"><div class=\"et_pb_heading_container\"><h6 class=\"et_pb_module_header\">10 rooms, 1,500 m2, Rue des Jardins<\/h6><\/div><\/div>\r\n\r\n<div class=\"et_pb_text_8 et_pb_text et_pb_bg_layout_light et_pb_module et_block_module preset--module--divi-text--bf2481fd-250d-44ce-82ca-173a4c14de34\"><div class=\"et_pb_text_inner\"><p>VILLA<\/p>\n<p>Deux Plateaux, Rue des Jardins, Cocody<\/p>\n<p>Abidjan<\/p>\n<\/div><\/div>\r\n\r\n<div class=\"et_pb_module et_pb_button_module_wrapper et_pb_button_8_wrapper preset--module--divi-button--2c30ea27-a4b8-433c-9de8-92c7ecd9d8c7_wrapper\"><a class=\"et_pb_button_8 et_pb_button et_pb_bg_layout_light et_pb_module et_block_module preset--module--divi-button--2c30ea27-a4b8-433c-9de8-92c7ecd9d8c7\" href=\"https:\/\/wa.me\/2250574176868\">Contact Agent<\/a><\/div><\/div><\/div><\/div>","protected":false},"excerpt":{"rendered":"","protected":false},"author":1,"featured_media":0,"parent":0,"menu_order":0,"comment_status":"closed","ping_status":"closed","template":"","meta":{"slim_seo":{"title":"{{ Biens \u00e0 acheter }} - interconfimo.com","description":"{{ investissement immobilier- vente immobili\u00e8re- achat immobilier - vente de terrain - vente de maison - vente d'appartement- transactions immobili\u00e8re }}"}},"_links":{"self":[{"href":"https:\/\/interconfimo.com\/en\/wp-json\/wp\/v2\/pages\/57"}],"collection":[{"href":"https:\/\/interconfimo.com\/en\/wp-json\/wp\/v2\/pages"}],"about":[{"href":"https:\/\/interconfimo.com\/en\/wp-json\/wp\/v2\/types\/page"}],"author":[{"embeddable":true,"href":"https:\/\/interconfimo.com\/en\/wp-json\/wp\/v2\/users\/1"}],"replies":[{"embeddable":true,"href":"https:\/\/interconfimo.com\/en\/wp-json\/wp\/v2\/comments?post=57"}],"version-history":[{"count":28,"href":"https:\/\/interconfimo.com\/en\/wp-json\/wp\/v2\/pages\/57\/revisions"}],"predecessor-version":[{"id":1299,"href":"https:\/\/interconfimo.com\/en\/wp-json\/wp\/v2\/pages\/57\/revisions\/1299"}],"wp:attachment":[{"href":"https:\/\/interconfimo.com\/en\/wp-json\/wp\/v2\/media?parent=57"}],"curies":[{"name":"wp","href":"https:\/\/api.w.org\/{rel}","templated":true}]}}