{"id":491,"date":"2025-03-11T15:53:14","date_gmt":"2025-03-11T15:53:14","guid":{"rendered":"https:\/\/interconfimo.com\/?page_id=491"},"modified":"2026-01-11T22:13:46","modified_gmt":"2026-01-11T22:13:46","slug":"liste-de-biens-a-vendre","status":"publish","type":"page","link":"https:\/\/interconfimo.com\/en\/liste-de-biens-a-vendre\/","title":{"rendered":"List of properties for sale"},"content":{"rendered":"<div class=\"et_pb_section_0 et_pb_section et_section_regular et_block_section\">\r\n\r\n<div class=\"et_pb_row_0 et_pb_row et_pb_gutters3 et_block_row preset--module--divi-row--082d650c-1041-41b4-be3f-31ca3e23b8a3\">\r\n\r\n<div class=\"et_pb_column_0 et_pb_column et_pb_column_4_4 et-last-child et_block_column et_pb_css_mix_blend_mode_passthrough\">\r\n\r\n<div class=\"et_pb_heading_0 et_pb_heading et_pb_module et_block_module preset--module--divi-heading--ab4e195c-4f39-4a70-a5cd-14878ffe1025\"><div class=\"et_pb_heading_container\"><h1 class=\"et_pb_module_header\">All our ads<\/h1><\/div><\/div>\r\n\r\n<div class=\"et_pb_heading_1 et_pb_heading et_pb_module et_block_module preset--module--divi-heading--ab4e195c-4f39-4a70-a5cd-14878ffe1025\"><div class=\"et_pb_heading_container\"><h3 class=\"et_pb_module_header\">Properties for sale<\/h3><\/div><\/div><\/div><\/div>\r\n\r\n<div class=\"et_pb_row_1 et_pb_row et_pb_gutters2 et_block_row preset--module--divi-row--082d650c-1041-41b4-be3f-31ca3e23b8a3\">\r\n\r\n<div class=\"et_pb_column_1 et_pb_column et_pb_column_1_3 et_block_column et_pb_css_mix_blend_mode_passthrough\">\r\n\r\n<div class=\"et_pb_slider_0 et_pb_slider et_pb_slider_fullwidth_off et_slider_auto et_slider_speed_3000 et_pb_module et_block_module\"><div class=\"et_pb_slides\">\r\n\r\n<div class=\"et_pb_slide_0 et_pb_slide et_pb_media_alignment_center et_pb_bg_layout_dark\" data-slide-id=\"divi\/slide-0\"><div class=\"et_pb_container\"><div class=\"et_pb_slider_container_inner\"><div class=\"et_pb_slide_description\"><\/div><\/div><\/div><\/div>\r\n\r\n<div class=\"et_pb_slide_1 et_pb_slide et_pb_media_alignment_center et_pb_bg_layout_dark\" data-slide-id=\"divi\/slide-1\"><div class=\"et_pb_container\"><div class=\"et_pb_slider_container_inner\"><div class=\"et_pb_slide_description\"><\/div><\/div><\/div><\/div>\r\n\r\n<div class=\"et_pb_slide_2 et_pb_slide et_pb_media_alignment_center et_pb_bg_layout_dark\" data-slide-id=\"divi\/slide-2\"><div class=\"et_pb_container\"><div class=\"et_pb_slider_container_inner\"><div class=\"et_pb_slide_description\"><\/div><\/div><\/div><\/div><\/div><\/div>\r\n\r\n<div class=\"et_pb_heading_2 et_pb_heading et_pb_module et_block_module preset--module--divi-heading--25c24a06-f51e-46d1-9632-472dadc1f805\"><div class=\"et_pb_heading_container\"><h5 class=\"et_pb_module_header\">$1,230,000<\/h5><\/div><\/div>\r\n\r\n<div class=\"et_pb_heading_3 et_pb_heading et_pb_module et_block_module preset--module--divi-heading--1463433e-a3ab-4f97-9ca1-28fde9c3df72\"><div class=\"et_pb_heading_container\"><h6 class=\"et_pb_module_header\">4 Beds, 3 Baths, 2240 Sqft<\/h6><\/div><\/div>\r\n\r\n<div class=\"et_pb_text_0 et_pb_text et_pb_bg_layout_light et_pb_module et_block_module preset--module--divi-text--aefdc2d7-51e1-42f9-8956-5a6064498ac6\"><div class=\"et_pb_text_inner\"><p><span>1235 Divi St, San Fracisco, CA 35313<\/span><\/p>\n<\/div><\/div>\r\n\r\n<div class=\"et_pb_module et_pb_button_module_wrapper et_pb_button_0_wrapper preset--module--divi-button--f3d6a0ef-6fa9-4f4d-9cda-a2a09dffd3fa_wrapper\"><a class=\"et_pb_button_0 et_pb_button et_pb_bg_layout_light et_pb_module et_block_module preset--module--divi-button--f3d6a0ef-6fa9-4f4d-9cda-a2a09dffd3fa\" href=\"\">Read more<\/a><\/div><\/div>\r\n\r\n<div class=\"et_pb_column_2 et_pb_column et_pb_column_1_3 et_block_column et_pb_css_mix_blend_mode_passthrough\">\r\n\r\n<div class=\"et_pb_slider_1 et_pb_slider et_pb_slider_fullwidth_off et_slider_auto et_slider_speed_3000 et_pb_module et_block_module\"><div class=\"et_pb_slides\">\r\n\r\n<div class=\"et_pb_slide_3 et_pb_slide et_pb_media_alignment_center et_pb_bg_layout_dark\" data-slide-id=\"divi\/slide-3\"><div class=\"et_pb_container\"><div class=\"et_pb_slider_container_inner\"><div class=\"et_pb_slide_description\"><\/div><\/div><\/div><\/div>\r\n\r\n<div class=\"et_pb_slide_4 et_pb_slide et_pb_media_alignment_center et_pb_bg_layout_dark\" data-slide-id=\"divi\/slide-4\"><div class=\"et_pb_container\"><div class=\"et_pb_slider_container_inner\"><div class=\"et_pb_slide_description\"><\/div><\/div><\/div><\/div>\r\n\r\n<div class=\"et_pb_slide_5 et_pb_slide et_pb_media_alignment_center et_pb_bg_layout_dark\" data-slide-id=\"divi\/slide-5\"><div class=\"et_pb_container\"><div class=\"et_pb_slider_container_inner\"><div class=\"et_pb_slide_description\"><\/div><\/div><\/div><\/div><\/div><\/div>\r\n\r\n<div class=\"et_pb_heading_4 et_pb_heading et_pb_module et_block_module preset--module--divi-heading--25c24a06-f51e-46d1-9632-472dadc1f805\"><div class=\"et_pb_heading_container\"><h5 class=\"et_pb_module_header\">$1,230,000<\/h5><\/div><\/div>\r\n\r\n<div class=\"et_pb_heading_5 et_pb_heading et_pb_module et_block_module preset--module--divi-heading--1463433e-a3ab-4f97-9ca1-28fde9c3df72\"><div class=\"et_pb_heading_container\"><h6 class=\"et_pb_module_header\">4 Beds, 3 Baths, 2240 Sqft<\/h6><\/div><\/div>\r\n\r\n<div class=\"et_pb_text_1 et_pb_text et_pb_bg_layout_light et_pb_module et_block_module preset--module--divi-text--aefdc2d7-51e1-42f9-8956-5a6064498ac6\"><div class=\"et_pb_text_inner\"><p><span>1235 Divi St, San Fracisco, CA 35313<\/span><\/p>\n<\/div><\/div>\r\n\r\n<div class=\"et_pb_module et_pb_button_module_wrapper et_pb_button_1_wrapper preset--module--divi-button--f3d6a0ef-6fa9-4f4d-9cda-a2a09dffd3fa_wrapper\"><a class=\"et_pb_button_1 et_pb_button et_pb_bg_layout_light et_pb_module et_block_module preset--module--divi-button--f3d6a0ef-6fa9-4f4d-9cda-a2a09dffd3fa\" href=\"\">Read more<\/a><\/div><\/div>\r\n\r\n<div class=\"et_pb_column_3 et_pb_column et_pb_column_1_3 et-last-child et_block_column et_pb_css_mix_blend_mode_passthrough\">\r\n\r\n<div class=\"et_pb_slider_2 et_pb_slider et_pb_slider_fullwidth_off et_slider_auto et_slider_speed_3000 et_pb_module et_block_module\"><div class=\"et_pb_slides\">\r\n\r\n<div class=\"et_pb_slide_6 et_pb_slide et_pb_media_alignment_center et_pb_bg_layout_dark\" data-slide-id=\"divi\/slide-6\"><div class=\"et_pb_container\"><div class=\"et_pb_slider_container_inner\"><div class=\"et_pb_slide_description\"><\/div><\/div><\/div><\/div>\r\n\r\n<div class=\"et_pb_slide_7 et_pb_slide et_pb_media_alignment_center et_pb_bg_layout_dark\" data-slide-id=\"divi\/slide-7\"><div class=\"et_pb_container\"><div class=\"et_pb_slider_container_inner\"><div class=\"et_pb_slide_description\"><\/div><\/div><\/div><\/div>\r\n\r\n<div class=\"et_pb_slide_8 et_pb_slide et_pb_media_alignment_center et_pb_bg_layout_dark\" data-slide-id=\"divi\/slide-8\"><div class=\"et_pb_container\"><div class=\"et_pb_slider_container_inner\"><div class=\"et_pb_slide_description\"><\/div><\/div><\/div><\/div><\/div><\/div>\r\n\r\n<div class=\"et_pb_heading_6 et_pb_heading et_pb_module et_block_module preset--module--divi-heading--25c24a06-f51e-46d1-9632-472dadc1f805\"><div class=\"et_pb_heading_container\"><h5 class=\"et_pb_module_header\">$1,230,000<\/h5><\/div><\/div>\r\n\r\n<div class=\"et_pb_heading_7 et_pb_heading et_pb_module et_block_module preset--module--divi-heading--1463433e-a3ab-4f97-9ca1-28fde9c3df72\"><div class=\"et_pb_heading_container\"><h6 class=\"et_pb_module_header\">4 Beds, 3 Baths, 2240 Sqft<\/h6><\/div><\/div>\r\n\r\n<div class=\"et_pb_text_2 et_pb_text et_pb_bg_layout_light et_pb_module et_block_module preset--module--divi-text--aefdc2d7-51e1-42f9-8956-5a6064498ac6\"><div class=\"et_pb_text_inner\"><p><span>1235 Divi St, San Fracisco, CA 35313<\/span><\/p>\n<\/div><\/div>\r\n\r\n<div class=\"et_pb_module et_pb_button_module_wrapper et_pb_button_2_wrapper preset--module--divi-button--f3d6a0ef-6fa9-4f4d-9cda-a2a09dffd3fa_wrapper\"><a class=\"et_pb_button_2 et_pb_button et_pb_bg_layout_light et_pb_module et_block_module preset--module--divi-button--f3d6a0ef-6fa9-4f4d-9cda-a2a09dffd3fa\" href=\"\">Read more<\/a><\/div><\/div><\/div>\r\n\r\n<div class=\"et_pb_row_2 et_pb_row et_pb_gutters2 et_block_row preset--module--divi-row--082d650c-1041-41b4-be3f-31ca3e23b8a3\">\r\n\r\n<div class=\"et_pb_column_4 et_pb_column et_pb_column_1_3 et_block_column et_pb_css_mix_blend_mode_passthrough\">\r\n\r\n<div class=\"et_pb_slider_3 et_pb_slider et_pb_slider_fullwidth_off et_slider_auto et_slider_speed_3000 et_pb_module et_block_module\"><div class=\"et_pb_slides\">\r\n\r\n<div class=\"et_pb_slide_9 et_pb_slide et_pb_media_alignment_center et_pb_bg_layout_dark\" data-slide-id=\"divi\/slide-9\"><div class=\"et_pb_container\"><div class=\"et_pb_slider_container_inner\"><div class=\"et_pb_slide_description\"><\/div><\/div><\/div><\/div>\r\n\r\n<div class=\"et_pb_slide_10 et_pb_slide et_pb_media_alignment_center et_pb_bg_layout_dark\" data-slide-id=\"divi\/slide-10\"><div class=\"et_pb_container\"><div class=\"et_pb_slider_container_inner\"><div class=\"et_pb_slide_description\"><\/div><\/div><\/div><\/div>\r\n\r\n<div class=\"et_pb_slide_11 et_pb_slide et_pb_media_alignment_center et_pb_bg_layout_dark\" data-slide-id=\"divi\/slide-11\"><div class=\"et_pb_container\"><div class=\"et_pb_slider_container_inner\"><div class=\"et_pb_slide_description\"><\/div><\/div><\/div><\/div><\/div><\/div>\r\n\r\n<div class=\"et_pb_heading_8 et_pb_heading et_pb_module et_block_module preset--module--divi-heading--25c24a06-f51e-46d1-9632-472dadc1f805\"><div class=\"et_pb_heading_container\"><h5 class=\"et_pb_module_header\">$1,230,000<\/h5><\/div><\/div>\r\n\r\n<div class=\"et_pb_heading_9 et_pb_heading et_pb_module et_block_module preset--module--divi-heading--1463433e-a3ab-4f97-9ca1-28fde9c3df72\"><div class=\"et_pb_heading_container\"><h6 class=\"et_pb_module_header\">4 Beds, 3 Baths, 2240 Sqft<\/h6><\/div><\/div>\r\n\r\n<div class=\"et_pb_text_3 et_pb_text et_pb_bg_layout_light et_pb_module et_block_module preset--module--divi-text--aefdc2d7-51e1-42f9-8956-5a6064498ac6\"><div class=\"et_pb_text_inner\"><p><span>1235 Divi St, San Fracisco, CA 35313<\/span><\/p>\n<\/div><\/div>\r\n\r\n<div class=\"et_pb_module et_pb_button_module_wrapper et_pb_button_3_wrapper preset--module--divi-button--f3d6a0ef-6fa9-4f4d-9cda-a2a09dffd3fa_wrapper\"><a class=\"et_pb_button_3 et_pb_button et_pb_bg_layout_light et_pb_module et_block_module preset--module--divi-button--f3d6a0ef-6fa9-4f4d-9cda-a2a09dffd3fa\" href=\"\">Read more<\/a><\/div><\/div>\r\n\r\n<div class=\"et_pb_column_5 et_pb_column et_pb_column_1_3 et_block_column et_pb_css_mix_blend_mode_passthrough\">\r\n\r\n<div class=\"et_pb_slider_4 et_pb_slider et_pb_slider_fullwidth_off et_slider_auto et_slider_speed_3000 et_pb_module et_block_module\"><div class=\"et_pb_slides\">\r\n\r\n<div class=\"et_pb_slide_12 et_pb_slide et_pb_media_alignment_center et_pb_bg_layout_dark\" data-slide-id=\"divi\/slide-12\"><div class=\"et_pb_container\"><div class=\"et_pb_slider_container_inner\"><div class=\"et_pb_slide_description\"><\/div><\/div><\/div><\/div>\r\n\r\n<div class=\"et_pb_slide_13 et_pb_slide et_pb_media_alignment_center et_pb_bg_layout_dark\" data-slide-id=\"divi\/slide-13\"><div class=\"et_pb_container\"><div class=\"et_pb_slider_container_inner\"><div class=\"et_pb_slide_description\"><\/div><\/div><\/div><\/div>\r\n\r\n<div class=\"et_pb_slide_14 et_pb_slide et_pb_media_alignment_center et_pb_bg_layout_dark\" data-slide-id=\"divi\/slide-14\"><div class=\"et_pb_container\"><div class=\"et_pb_slider_container_inner\"><div class=\"et_pb_slide_description\"><\/div><\/div><\/div><\/div><\/div><\/div>\r\n\r\n<div class=\"et_pb_heading_10 et_pb_heading et_pb_module et_block_module preset--module--divi-heading--25c24a06-f51e-46d1-9632-472dadc1f805\"><div class=\"et_pb_heading_container\"><h5 class=\"et_pb_module_header\">$1,230,000<\/h5><\/div><\/div>\r\n\r\n<div class=\"et_pb_heading_11 et_pb_heading et_pb_module et_block_module preset--module--divi-heading--1463433e-a3ab-4f97-9ca1-28fde9c3df72\"><div class=\"et_pb_heading_container\"><h6 class=\"et_pb_module_header\">4 Beds, 3 Baths, 2240 Sqft<\/h6><\/div><\/div>\r\n\r\n<div class=\"et_pb_text_4 et_pb_text et_pb_bg_layout_light et_pb_module et_block_module preset--module--divi-text--aefdc2d7-51e1-42f9-8956-5a6064498ac6\"><div class=\"et_pb_text_inner\"><p><span>1235 Divi St, San Fracisco, CA 35313<\/span><\/p>\n<\/div><\/div>\r\n\r\n<div class=\"et_pb_module et_pb_button_module_wrapper et_pb_button_4_wrapper preset--module--divi-button--f3d6a0ef-6fa9-4f4d-9cda-a2a09dffd3fa_wrapper\"><a class=\"et_pb_button_4 et_pb_button et_pb_bg_layout_light et_pb_module et_block_module preset--module--divi-button--f3d6a0ef-6fa9-4f4d-9cda-a2a09dffd3fa\" href=\"\">Read more<\/a><\/div><\/div>\r\n\r\n<div class=\"et_pb_column_6 et_pb_column et_pb_column_1_3 et-last-child et_block_column et_pb_css_mix_blend_mode_passthrough\">\r\n\r\n<div class=\"et_pb_slider_5 et_pb_slider et_pb_slider_fullwidth_off et_slider_auto et_slider_speed_3000 et_pb_module et_block_module\"><div class=\"et_pb_slides\">\r\n\r\n<div class=\"et_pb_slide_15 et_pb_slide et_pb_media_alignment_center et_pb_bg_layout_dark\" data-slide-id=\"divi\/slide-15\"><div class=\"et_pb_container\"><div class=\"et_pb_slider_container_inner\"><div class=\"et_pb_slide_description\"><\/div><\/div><\/div><\/div>\r\n\r\n<div class=\"et_pb_slide_16 et_pb_slide et_pb_media_alignment_center et_pb_bg_layout_dark\" data-slide-id=\"divi\/slide-16\"><div class=\"et_pb_container\"><div class=\"et_pb_slider_container_inner\"><div class=\"et_pb_slide_description\"><\/div><\/div><\/div><\/div>\r\n\r\n<div class=\"et_pb_slide_17 et_pb_slide et_pb_media_alignment_center et_pb_bg_layout_dark\" data-slide-id=\"divi\/slide-17\"><div class=\"et_pb_container\"><div class=\"et_pb_slider_container_inner\"><div class=\"et_pb_slide_description\"><\/div><\/div><\/div><\/div><\/div><\/div>\r\n\r\n<div class=\"et_pb_heading_12 et_pb_heading et_pb_module et_block_module preset--module--divi-heading--25c24a06-f51e-46d1-9632-472dadc1f805\"><div class=\"et_pb_heading_container\"><h5 class=\"et_pb_module_header\">$1,230,000<\/h5><\/div><\/div>\r\n\r\n<div class=\"et_pb_heading_13 et_pb_heading et_pb_module et_block_module preset--module--divi-heading--1463433e-a3ab-4f97-9ca1-28fde9c3df72\"><div class=\"et_pb_heading_container\"><h6 class=\"et_pb_module_header\">4 Beds, 3 Baths, 2240 Sqft<\/h6><\/div><\/div>\r\n\r\n<div class=\"et_pb_text_5 et_pb_text et_pb_bg_layout_light et_pb_module et_block_module preset--module--divi-text--aefdc2d7-51e1-42f9-8956-5a6064498ac6\"><div class=\"et_pb_text_inner\"><p><span>1235 Divi St, San Fracisco, CA 35313<\/span><\/p>\n<\/div><\/div>\r\n\r\n<div class=\"et_pb_module et_pb_button_module_wrapper et_pb_button_5_wrapper preset--module--divi-button--f3d6a0ef-6fa9-4f4d-9cda-a2a09dffd3fa_wrapper\"><a class=\"et_pb_button_5 et_pb_button et_pb_bg_layout_light et_pb_module et_block_module preset--module--divi-button--f3d6a0ef-6fa9-4f4d-9cda-a2a09dffd3fa\" href=\"\">Read more<\/a><\/div><\/div><\/div><\/div>","protected":false},"excerpt":{"rendered":"","protected":false},"author":1,"featured_media":0,"parent":0,"menu_order":0,"comment_status":"closed","ping_status":"closed","template":"","meta":{"slim_seo":{"title":"{{Liste des biens \u00e0 vendre }} - interconfimo.com","description":"{{ Achat immobilier- maisons \u00e0 vendre- vente immobili\u00e8re - terrain \u00e0 vendre - appartement \u00e0 vendre- investissement immobilier }}"}},"_links":{"self":[{"href":"https:\/\/interconfimo.com\/en\/wp-json\/wp\/v2\/pages\/491"}],"collection":[{"href":"https:\/\/interconfimo.com\/en\/wp-json\/wp\/v2\/pages"}],"about":[{"href":"https:\/\/interconfimo.com\/en\/wp-json\/wp\/v2\/types\/page"}],"author":[{"embeddable":true,"href":"https:\/\/interconfimo.com\/en\/wp-json\/wp\/v2\/users\/1"}],"replies":[{"embeddable":true,"href":"https:\/\/interconfimo.com\/en\/wp-json\/wp\/v2\/comments?post=491"}],"version-history":[{"count":19,"href":"https:\/\/interconfimo.com\/en\/wp-json\/wp\/v2\/pages\/491\/revisions"}],"predecessor-version":[{"id":1260,"href":"https:\/\/interconfimo.com\/en\/wp-json\/wp\/v2\/pages\/491\/revisions\/1260"}],"wp:attachment":[{"href":"https:\/\/interconfimo.com\/en\/wp-json\/wp\/v2\/media?parent=491"}],"curies":[{"name":"wp","href":"https:\/\/api.w.org\/{rel}","templated":true}]}}