{"id":44,"date":"2025-01-03T19:51:45","date_gmt":"2025-01-03T19:51:45","guid":{"rendered":"https:\/\/interconfimo.com\/?page_id=44"},"modified":"2025-08-26T22:52:09","modified_gmt":"2025-08-26T22:52:09","slug":"a-propos","status":"publish","type":"page","link":"https:\/\/interconfimo.com\/en\/a-propos\/","title":{"rendered":"About us"},"content":{"rendered":"<p><div class=\"et_d4_element et_pb_section et_pb_section_0  et_pb_css_mix_blend_mode et_pb_fullwidth_section et_section_regular et_block_section\" >\n\t\t\t\t\n\t\t\t\t\n\t\t\t\t\n\t\t\t\t\n\t\t\t\t\n\t\t\t\t\n\t\t\t\t<div class=\"et_pb_module et_d4_element et_pb_fullwidth_slider_0 et_pb_slider\">\n\t\t\t\t<div class=\"et_pb_slides\">\n\t\t\t\t\t<div class=\"et_d4_element et_pb_slide et_pb_slide_0  et_pb_css_mix_blend_mode et_pb_bg_layout_dark et_pb_media_alignment_center et-pb-active-slide\" data-slide-id=\"et_pb_slide_0\">\n\t\t\t\t\n\t\t\t\t\n\t\t\t\t<div class=\"et_pb_container clearfix\">\n\t\t\t\t\t<div class=\"et_pb_slider_container_inner\">\n\t\t\t\t\t\t\n\t\t\t\t\t\t<div class=\"et_pb_slide_description\">\n\t\t\t\t\t\t\t<h2 class=\"et_pb_slide_title\">About us<\/h2>\n\t\t\t\t\t\t\t\n\t\t\t\t\t\t<\/div>\n\t\t\t\t\t<\/div>\n\t\t\t\t<\/div>\n\t\t\t\t\n\t\t\t\t\n\t\t\t\t\n\t\t\t<\/div>\n\t\t\t\n\t\t\t\t<\/div>\n\t\t\t\t\n\t\t\t<\/div>\n\t\t\t\n\t\t\t\t\n\t\t\t\t\n\t\t\t<\/div><div class=\"et_d4_element et_pb_section et_pb_section_1  et_pb_css_mix_blend_mode et_section_regular et_block_section\" >\n\t\t\t\t\n\t\t\t\t\n\t\t\t\t\n\t\t\t\t\n\t\t\t\t\n\t\t\t\t\n\t\t\t\t<div class=\"et_d4_element et_pb_row et_pb_row_0  et_pb_css_mix_blend_mode et_block_row\">\n\t\t\t\t<div class=\"et_d4_element et_pb_column_3_5 et_pb_column et_pb_column_0  et_pb_css_mix_blend_mode et_block_column\">\n\t\t\t\t\n\t\t\t\t\n\t\t\t\t\n\t\t\t\t\n\t\t\t\t<div class=\"et_pb_module et_d4_element et_pb_text et_pb_text_0  et_pb_text_align_left et_pb_bg_layout_light\">\n\t\t\t\t\n\t\t\t\t\n\t\t\t\t\n\t\t\t\t\n\t\t\t\t<div class=\"et_pb_text_inner\"><h2 id=\"\u00e0-propos-de-nous\">About us<\/h2>\n<h3><strong>Interconfimmo Sarl: Since 1993, the real estate adventure continues<\/strong><\/h3>\n<p>At Interconfimmo Sarl, we're proud of our track record in the real estate sector, which began in 1993.<\/p>\n<p>Our company was founded by Mrs. Warner Marie \u00c9l\u00e9onore \u00e9pouse Gay\u00e9, a former property portfolio manager in the civil service, who decided to reconvert her career by creating a privately-owned real estate agency. Specializing in rental management, property transactions and renovation, we have adapted to the different cycles of an ever-changing market.<\/p>\n<h3 id=\"notre-\u00e9quipe\">Our team<\/h3>\n<p>With almost 30 years' experience, we have in-depth knowledge of the various aspects of rental management and property transactions. Our clientele is varied and includes VIP clients, B2B companies, expatriates, locals, institutions, as well as private individuals. At Interconfimmo Sarl, we believe that the customer is at the heart of our mission. Listening and service are fundamental values that permeate our DNA. We are determined to go beyond expectations to satisfy our customers, managing your property like a good father.<\/p>\n<h3 id=\"nos-valeurs\">Our Values<\/h3>\n<p>Our philosophy can be summed up by our values: \"Slow and steady win the race\" and \"To arrive on time, you have to take it easy\". We firmly believe that in the world of real estate, patience and rigor are essential. Stone is a sure thing, and we know that the Ivorian real estate market is governed by local subtleties that require rigorous management.<\/p>\n<p>Trust is the cornerstone of our relationship with our customers. We build strong, lasting relationships based on transparency and integrity. Our sense of service and attention to detail enable us to meet your specific needs, whatever the situation.<\/p>\n<h3 id=\"nos-points-forts\">Our strengths<\/h3>\n<ul>\n<li><strong>Experienced Team :<\/strong>\u00a0Our team is made up of experienced professionals in Paris and Abidjan who know the local real estate market inside out.<\/li>\n<li><strong>Partner Network :<\/strong>\u00a0We work closely with a network of professional partners, guaranteeing a high level of expertise in property management.<\/li>\n<li><strong>Discretion :<\/strong>\u00a0We manage your assets with the utmost discretion, to ensure your peace of mind.<\/li>\n<li><strong>Agility :<\/strong>\u00a0Since 1993, we have been adapting our services to changes in the Ivorian real estate market to better meet your expectations.<\/li>\n<\/ul>\n<p>Interconfimmo Sarl is more than just a real estate agency; we are building a true partnership with you, based on trust, commitment and excellence. We invite you to contact us to find out how we can help you with your real estate projects in Abidjan and beyond.<\/p><\/div>\n\t\t\t<\/div>\n\t\t\t<\/div><div class=\"et_d4_element et_pb_column_2_5 et_pb_column et_pb_column_1  et_pb_css_mix_blend_mode et-last-child et_block_column\">\n\t\t\t\t\n\t\t\t\t\n\t\t\t\t\n\t\t\t\t\n\t\t\t\t<div class=\"et_pb_module et_d4_element et_pb_image et_pb_image_0\">\n\t\t\t\t\n\t\t\t\t\n\t\t\t\t\n\t\t\t\t\n\t\t\t\t<span class=\"et_pb_image_wrap\"><img decoding=\"async\" src=\"https:\/\/interconfimo-com.preview-domain.com\/wp-content\/uploads\/2025\/01\/real-estate-01.jpg\" alt=\"\" title=\"real-estate-01\" \/><\/span>\n\t\t\t<\/div>\n\t\t\t<\/div>\n\t\t\t\t\n\t\t\t\t\n\t\t\t\t\n\t\t\t\t\n\t\t\t<\/div>\n\t\t\t\t\n\t\t\t\t\n\t\t\t<\/div><div class=\"et_d4_element et_pb_section et_pb_section_2  et_pb_css_mix_blend_mode et_section_regular et_block_section\" >\n\t\t\t\t\n\t\t\t\t\n\t\t\t\t\n\t\t\t\t\n\t\t\t\t\n\t\t\t\t\n\t\t\t\t<div class=\"et_d4_element et_pb_row et_pb_row_1  et_pb_css_mix_blend_mode et_block_row\">\n\t\t\t\t<div class=\"et_d4_element et_pb_column_4_4 et_pb_column et_pb_column_2  et_pb_css_mix_blend_mode et-last-child et_block_column\">\n\t\t\t\t\n\t\t\t\t\n\t\t\t\t\n\t\t\t\t\n\t\t\t\t<div class=\"et_pb_module et_d4_element et_pb_heading et_pb_heading_0 et_pb_bg_layout_\">\n\t\t\t\t\n\t\t\t\t\n\t\t\t\t\n\t\t\t\t\n\t\t\t\t<div class=\"et_pb_heading_container\"><h3 class=\"et_pb_module_heading\">We're a team dedicated to making your dreams come true!<\/h3><\/div>\n\t\t\t<\/div>\n\t\t\t<\/div>\n\t\t\t\t\n\t\t\t\t\n\t\t\t\t\n\t\t\t\t\n\t\t\t<\/div><div class=\"et_d4_element et_pb_row et_pb_row_2  et_pb_css_mix_blend_mode et_block_row\">\n\t\t\t\t<div class=\"et_d4_element et_pb_column_1_2 et_pb_column et_pb_column_3  et_pb_css_mix_blend_mode et_block_column\">\n\t\t\t\t\n\t\t\t\t\n\t\t\t\t\n\t\t\t\t\n\t\t\t\t<div class=\"et_pb_module et_d4_element et_pb_text et_pb_text_1  et_pb_text_align_left et_pb_bg_layout_light\">\n\t\t\t\t\n\t\t\t\t\n\t\t\t\t\n\t\t\t\t\n\t\t\t\t<div class=\"et_pb_text_inner\"><p>Your satisfaction is our top priority, and we're here to help you meet all the challenges of your real estate search. We understand that finding the right property can be a daunting task, and our commitment is to make the process as easy as possible.<\/p><\/div>\n\t\t\t<\/div><div class=\"et_pb_button_module_wrapper et_pb_button_0_wrapper  et_pb_module\">\n\t\t\t\t<a class=\"et_pb_button et_d4_element et_pb_button_0 et_pb_bg_layout_light et_block_module\" href=\"https:\/\/wa.me\/002250574176868\">talk to a professional<\/a>\n\t\t\t<\/div>\n\t\t\t<\/div><div class=\"et_d4_element et_pb_column_1_2 et_pb_column et_pb_column_4  et_pb_css_mix_blend_mode et-last-child et_block_column\">\n\t\t\t\t\n\t\t\t\t\n\t\t\t\t\n\t\t\t\t\n\t\t\t\t<div class=\"et_pb_with_border et_pb_module et_d4_element et_pb_number_counter et_pb_number_counter_0  et_pb_text_align_left et_pb_bg_layout_light et_pb_with_title\" data-number-value=\"235\" data-number-separator=\"\">\n\t\t\t\t\n\t\t\t\t\n\t\t\t\t\n\t\t\t\t\n\t\t\t\t<div class=\"percent\" ><p><span class=\"percent-value\"><\/span><span class=\"percent-sign\"><\/span><\/p><\/div>\n\t\t\t\t<h3 class=\"title\">Satisfied customers<\/h3>\n\t\t\t<\/div><div class=\"et_pb_with_border et_pb_module et_d4_element et_pb_number_counter et_pb_number_counter_1  et_pb_text_align_left et_pb_bg_layout_light et_pb_with_title\" data-number-value=\"256\" data-number-separator=\"\">\n\t\t\t\t\n\t\t\t\t\n\t\t\t\t\n\t\t\t\t\n\t\t\t\t<div class=\"percent\" ><p><span class=\"percent-value\"><\/span><span class=\"percent-sign\"><\/span><\/p><\/div>\n\t\t\t\t<h3 class=\"title\">Successful transactions<\/h3>\n\t\t\t<\/div>\n\t\t\t<\/div>\n\t\t\t\t\n\t\t\t\t\n\t\t\t\t\n\t\t\t\t\n\t\t\t<\/div>\n\t\t\t\t\n\t\t\t\t\n\t\t\t<\/div><\/p>","protected":false},"excerpt":{"rendered":"","protected":false},"author":1,"featured_media":0,"parent":0,"menu_order":0,"comment_status":"closed","ping_status":"closed","template":"","meta":{"slim_seo":{"title":"Interconfimo - Real estate agency in Abidjan for 30 years","description":"For over 30 years, Interconfimo has been helping individuals and investors with their real estate projects in Abidjan. Expertise, confidence and results."},"_et_pb_use_builder":"on","_et_pb_old_content":"","_et_gb_content_width":""},"_links":{"self":[{"href":"https:\/\/interconfimo.com\/en\/wp-json\/wp\/v2\/pages\/44"}],"collection":[{"href":"https:\/\/interconfimo.com\/en\/wp-json\/wp\/v2\/pages"}],"about":[{"href":"https:\/\/interconfimo.com\/en\/wp-json\/wp\/v2\/types\/page"}],"author":[{"embeddable":true,"href":"https:\/\/interconfimo.com\/en\/wp-json\/wp\/v2\/users\/1"}],"replies":[{"embeddable":true,"href":"https:\/\/interconfimo.com\/en\/wp-json\/wp\/v2\/comments?post=44"}],"version-history":[{"count":17,"href":"https:\/\/interconfimo.com\/en\/wp-json\/wp\/v2\/pages\/44\/revisions"}],"predecessor-version":[{"id":1107,"href":"https:\/\/interconfimo.com\/en\/wp-json\/wp\/v2\/pages\/44\/revisions\/1107"}],"wp:attachment":[{"href":"https:\/\/interconfimo.com\/en\/wp-json\/wp\/v2\/media?parent=44"}],"curies":[{"name":"wp","href":"https:\/\/api.w.org\/{rel}","templated":true}]}}