{"id":438,"date":"2025-01-02T13:11:51","date_gmt":"2025-01-02T13:11:51","guid":{"rendered":"https:\/\/interconfimo.com\/?page_id=438"},"modified":"2025-02-25T17:14:38","modified_gmt":"2025-02-25T17:14:38","slug":"politique-de-cookies","status":"publish","type":"page","link":"https:\/\/interconfimo.com\/en\/politique-de-cookies\/","title":{"rendered":"politique de cookies"},"content":{"rendered":"<div class=\"et_d4_element et_pb_section et_pb_section_0  et_pb_css_mix_blend_mode et_section_regular et_block_section\" >\n\t\t\t\t\n\t\t\t\t\n\t\t\t\t\n\t\t\t\t\n\t\t\t\t\n\t\t\t\t\n\t\t\t\t<div class=\"et_d4_element et_pb_row et_pb_row_0  et_pb_css_mix_blend_mode et_block_row\">\n\t\t\t\t<div class=\"et_d4_element et_pb_column_4_4 et_pb_column et_pb_column_0  et_pb_css_mix_blend_mode et-last-child et_block_column\">\n\t\t\t\t\n\t\t\t\t\n\t\t\t\t\n\t\t\t\t\n\t\t\t\t<div class=\"et_pb_module et_d4_element et_pb_text et_pb_text_0  et_pb_text_align_left et_pb_bg_layout_light\">\n\t\t\t\t\n\t\t\t\t\n\t\t\t\t\n\t\t\t\t\n\t\t\t\t<div class=\"et_pb_text_inner\"><p><\/p>\n<p><strong>Interconfimo.com Cookie Policy<\/strong><\/p>\n<p>Welcome to Interconfimo, your Abidjan-based real estate agency.<\/p>\n<p>This cookie policy explains what cookies are, how we use them, how third parties with whom we may collaborate may use them on the site, your choices regarding the use of cookies and more information about cookies.<\/p>\n<h3 class=\"wp-block-heading\" id=\"1-quest-ce-quun-cookie-\">1. What is a cookie?<\/h3>\n<p>A cookie is a small text file that is stored on your device (computer, smartphone, tablet) when you visit a website.<\/p>\n<p>Cookies enable the site to recognize your device and remember certain information about your visit, which can improve your user experience.<\/p>\n<h3 id=\"2-comment-utilisons-nous-les-cookies-\">2. How do we use cookies?<\/h3>\n<p>Interconfimo uses cookies for the following reasons:<\/p>\n<ul>\n<li>\n<p><strong>Functionality cookies<\/strong> These cookies are essential to enable you to browse our site and use its features, such as access to secure areas.<\/p>\n<\/li>\n<li>\n<p><strong>Analysis cookies<\/strong> We use cookies to help us analyze how visitors use our site, to understand the effectiveness of our content and to improve the performance of our site.<\/p>\n<\/li>\n<li>\n<p>These cookies collect anonymous information about your use of the site.<\/p>\n<\/li>\n<li>\n<p><strong>Advertising cookies<\/strong> These cookies are used to serve you ads that are relevant to you and your interests.<\/p>\n<\/li>\n<li>\n<p>They also limit the number of times you see an ad and help measure the effectiveness of advertising campaigns.<\/p>\n<\/li>\n<\/ul>\n<h3 id=\"3-cookies-tiers\">3. Third-party cookies<\/h3>\n<p>In addition to our own cookies, we may also use various third-party cookies to report site usage statistics and for advertising purposes.<\/p>\n<p>These cookies are subject to the privacy policies of these third parties.<\/p>\n<h3 id=\"4-vos-choix-concernant-les-cookies\">4. Your choices concerning cookies<\/h3>\n<p>Most browsers automatically accept cookies, but you can usually modify your browser settings to refuse cookies if you prefer. Here's how to manage your cookies in the main browsers:<\/p>\n<ul>\n<li><strong>Google Chrome<\/strong> Settings &gt; Privacy and security &gt; Cookies and other site data.<\/li>\n<li><strong>Mozilla Firefox<\/strong> Options &gt; Privacy &amp; Security &gt; Cookies and site data.<\/li>\n<li><strong>Safari<\/strong> Preferences &gt; Privacy &gt; Block all cookies.<\/li>\n<li><strong>Microsoft Edge<\/strong> Settings &gt; Cookies and site permissions.<\/li>\n<\/ul>\n<p>Please note that disabling cookies may affect your experience on the site and prevent you from benefiting from certain features.<\/p>\n<h3 id=\"5-modifications-de-cette-politique\">5. Changes to this policy<\/h3>\n<p>We may update our cookie policy from time to time. We will notify you of any changes by posting the new cookie policy on this page. We encourage you to review this policy regularly to stay informed about our cookie practices.<\/p>\n<h3 id=\"6-contact\">6. Contact<\/h3>\n<p>If you have any questions about our cookie policy, please do not hesitate to contact us at the following address: <a href=\"mailto:contact@interconfimo.com\">contact@interconfimo.com<\/a>.<\/p>\n<p>Thank you for your confidence and enjoy your visit to Interconfimo.com!<\/p>\n<p><\/p><\/div>\n\t\t\t<\/div>\n\t\t\t<\/div>\n\t\t\t\t\n\t\t\t\t\n\t\t\t\t\n\t\t\t\t\n\t\t\t<\/div>\n\t\t\t\t\n\t\t\t\t\n\t\t\t<\/div>","protected":false},"excerpt":{"rendered":"","protected":false},"author":1,"featured_media":0,"parent":0,"menu_order":0,"comment_status":"closed","ping_status":"open","template":"","meta":{"slim_seo":{"title":"politique de cookies - interconfimo.com","description":"Politique de Cookies de Interconfimo.com Bienvenue sur le site d'Interconfimo, votre agence immobili\u00e8re ivoirienne bas\u00e9e \u00e0 Abidjan. Cette politique de cookies e"},"_et_pb_use_builder":"on","_et_pb_old_content":"<!-- wp:heading -->\r\n<p>\u00a0<\/p>\r\n<!-- \/wp:paragraph -->\r\n<p>\u00a0<\/p>","_et_gb_content_width":"","footnotes":""},"_links":{"self":[{"href":"https:\/\/interconfimo.com\/en\/wp-json\/wp\/v2\/pages\/438"}],"collection":[{"href":"https:\/\/interconfimo.com\/en\/wp-json\/wp\/v2\/pages"}],"about":[{"href":"https:\/\/interconfimo.com\/en\/wp-json\/wp\/v2\/types\/page"}],"author":[{"embeddable":true,"href":"https:\/\/interconfimo.com\/en\/wp-json\/wp\/v2\/users\/1"}],"replies":[{"embeddable":true,"href":"https:\/\/interconfimo.com\/en\/wp-json\/wp\/v2\/comments?post=438"}],"version-history":[{"count":4,"href":"https:\/\/interconfimo.com\/en\/wp-json\/wp\/v2\/pages\/438\/revisions"}],"predecessor-version":[{"id":442,"href":"https:\/\/interconfimo.com\/en\/wp-json\/wp\/v2\/pages\/438\/revisions\/442"}],"wp:attachment":[{"href":"https:\/\/interconfimo.com\/en\/wp-json\/wp\/v2\/media?parent=438"}],"curies":[{"name":"wp","href":"https:\/\/api.w.org\/{rel}","templated":true}]}}